{"id":550,"date":"2024-05-17T11:15:53","date_gmt":"2024-05-17T11:15:53","guid":{"rendered":"https:\/\/cyclops.podaropoulos.eu\/?post_type=product&#038;p=550"},"modified":"2026-03-07T10:30:35","modified_gmt":"2026-03-07T08:30:35","slug":"robot10","status":"publish","type":"product","link":"https:\/\/www.galanos.com.gr\/en\/product\/robot10\/","title":{"rendered":"ROBOT 10"},"content":{"rendered":"<h3>Description<\/h3>\n<p>Automatic stirrup bender for rebar processing, designed for consistent quality, accuracy and repeatability in stirrup production.<\/p>\n<p>The ROBOT 10 processes up to \u00d810, with feeding pieces 2\u00d86, 2\u00d88 and 1\u00d810, and a re-bar propulsion speed of 80 m\/min.<\/p>\n<h3>Technical Data<\/h3>\n<table style=\"width:100%; border-collapse:collapse; font-size:14px;\">\n<tbody>\n<tr>\n<th colspan=\"2\" style=\"text-align:left; padding:10px; background:#f3f5f7; border:1px solid #e5e7eb;\">ROBOT 10<\/th>\n<\/tr>\n<tr>\n<td style=\"width:42%; padding:8px; border:1px solid #e5e7eb;\"><strong>Working range (feeding pieces)<\/strong><\/td>\n<td style=\"padding:8px; border:1px solid #e5e7eb;\">2\u00d86, 2\u00d88, 1\u00d810<\/td>\n<\/tr>\n<tr>\n<td style=\"padding:8px; border:1px solid #e5e7eb;\"><strong>Average power consumption<\/strong><\/td>\n<td style=\"padding:8px; border:1px solid #e5e7eb;\">8 kW<\/td>\n<\/tr>\n<tr>\n<td style=\"padding:8px; border:1px solid #e5e7eb;\"><strong>Installed power<\/strong><\/td>\n<td style=\"padding:8px; border:1px solid #e5e7eb;\">20 kW<\/td>\n<\/tr>\n<tr>\n<td style=\"padding:8px; border:1px solid #e5e7eb;\"><strong>Re-bar propulsion speed<\/strong><\/td>\n<td style=\"padding:8px; border:1px solid #e5e7eb;\">80 m\/min<\/td>\n<\/tr>\n<tr>\n<td style=\"padding:8px; border:1px solid #e5e7eb;\"><strong>Bending angle speed<\/strong><\/td>\n<td style=\"padding:8px; border:1px solid #e5e7eb;\">1200\u00b0\/sec<\/td>\n<\/tr>\n<tr>\n<td style=\"padding:8px; border:1px solid #e5e7eb;\"><strong>Maximum bending angle<\/strong><\/td>\n<td style=\"padding:8px; border:1px solid #e5e7eb;\">\u2014<\/td>\n<\/tr>\n<tr>\n<td style=\"padding:8px; border:1px solid #e5e7eb;\"><strong>No. of angles<\/strong><\/td>\n<td style=\"padding:8px; border:1px solid #e5e7eb;\">50<\/td>\n<\/tr>\n<tr>\n<td style=\"padding:8px; border:1px solid #e5e7eb;\"><strong>No. of sides<\/strong><\/td>\n<td style=\"padding:8px; border:1px solid #e5e7eb;\">50<\/td>\n<\/tr>\n<tr>\n<td style=\"padding:8px; border:1px solid #e5e7eb;\"><strong>Angle accuracy<\/strong><\/td>\n<td style=\"padding:8px; border:1px solid #e5e7eb;\">\u00b1 1\u00b0<\/td>\n<\/tr>\n<tr>\n<td style=\"padding:8px; border:1px solid #e5e7eb;\"><strong>Length accuracy<\/strong><\/td>\n<td style=\"padding:8px; border:1px solid #e5e7eb;\">\u00b1 1 mm<\/td>\n<\/tr>\n<tr>\n<td style=\"padding:8px; border:1px solid #e5e7eb;\"><strong>Dimensions (L \u00d7 W \u00d7 H)<\/strong><\/td>\n<td style=\"padding:8px; border:1px solid #e5e7eb;\">2750 \u00d7 1500 \u00d7 2000<\/td>\n<\/tr>\n<tr>\n<td style=\"padding:8px; border:1px solid #e5e7eb;\"><strong>Weight<\/strong><\/td>\n<td style=\"padding:8px; border:1px solid #e5e7eb;\">2700 kg<\/td>\n<\/tr>\n<\/tbody>\n<\/table>\n","protected":false},"excerpt":{"rendered":"<p>Description Automatic stirrup bender for rebar processing, designed for consistent quality, accuracy and repeatability in stirrup production. The ROBOT 10 processes up to \u00d810, with feeding pieces 2\u00d86, 2\u00d88 and 1\u00d810, and a re-bar propulsion speed of 80 m\/min. Technical Data ROBOT 10 Working range (feeding pieces) 2\u00d86, 2\u00d88, 1\u00d810 Average power consumption 8 kW [&hellip;]<\/p>\n","protected":false},"featured_media":551,"template":"","meta":{"_seopress_robots_primary_cat":"none","_seopress_titles_title":"","_seopress_titles_desc":"","_seopress_robots_index":""},"product_brand":[],"product_cat":[549],"product_tag":[],"brand":[31],"class_list":{"0":"post-550","1":"product","2":"type-product","3":"status-publish","4":"has-post-thumbnail","6":"product_cat-automatic-stirrup-benders","7":"brand-galanos","9":"first","10":"instock","11":"shipping-taxable","12":"product-type-simple"},"_links":{"self":[{"href":"https:\/\/www.galanos.com.gr\/en\/wp-json\/wp\/v2\/product\/550","targetHints":{"allow":["GET"]}}],"collection":[{"href":"https:\/\/www.galanos.com.gr\/en\/wp-json\/wp\/v2\/product"}],"about":[{"href":"https:\/\/www.galanos.com.gr\/en\/wp-json\/wp\/v2\/types\/product"}],"wp:featuredmedia":[{"embeddable":true,"href":"https:\/\/www.galanos.com.gr\/en\/wp-json\/wp\/v2\/media\/551"}],"wp:attachment":[{"href":"https:\/\/www.galanos.com.gr\/en\/wp-json\/wp\/v2\/media?parent=550"}],"wp:term":[{"taxonomy":"product_brand","embeddable":true,"href":"https:\/\/www.galanos.com.gr\/en\/wp-json\/wp\/v2\/product_brand?post=550"},{"taxonomy":"product_cat","embeddable":true,"href":"https:\/\/www.galanos.com.gr\/en\/wp-json\/wp\/v2\/product_cat?post=550"},{"taxonomy":"product_tag","embeddable":true,"href":"https:\/\/www.galanos.com.gr\/en\/wp-json\/wp\/v2\/product_tag?post=550"},{"taxonomy":"brand","embeddable":true,"href":"https:\/\/www.galanos.com.gr\/en\/wp-json\/wp\/v2\/brand?post=550"}],"curies":[{"name":"wp","href":"https:\/\/api.w.org\/{rel}","templated":true}]}}