{"id":610,"date":"2024-05-17T11:40:58","date_gmt":"2024-05-17T11:40:58","guid":{"rendered":"https:\/\/cyclops.podaropoulos.eu\/?post_type=product&#038;p=610"},"modified":"2026-03-04T10:48:55","modified_gmt":"2026-03-04T08:48:55","slug":"mulma-16str","status":"publish","type":"product","link":"https:\/\/www.galanos.com.gr\/en\/product\/mulma-16str\/","title":{"rendered":"MULMA 16STR"},"content":{"rendered":"<h3>Description<\/h3>\n<p>Series of machines for the automatic forming of straight rebars in various diameters. Equipped with high-precision feeding, bending and cutting systems, they allow bending on both ends of the bar with absolute symmetry and accuracy.<\/p>\n<p>The MULMA 16 STR is the compact version of the series for smaller diameters, offering high length and angle accuracy with a bar feeding speed of 90 m\/min.<\/p>\n<h3>Technical Specifications<\/h3>\n<table style=\"width:100%; border-collapse:collapse; font-size:14px;\">\n<tbody>\n<tr>\n<th colspan=\"2\" style=\"text-align:left; padding:10px; background:#f3f5f7; border:1px solid #e5e7eb;\">MULMA 16 STR<\/th>\n<\/tr>\n<tr>\n<td style=\"width:38%; padding:8px; border:1px solid #e5e7eb;\"><strong>Type<\/strong><\/td>\n<td style=\"padding:8px; border:1px solid #e5e7eb;\">Multi-purpose machine for straight bars<\/td>\n<\/tr>\n<tr>\n<td style=\"padding:8px; border:1px solid #e5e7eb;\"><strong>Working Range (\u00d8)<\/strong><\/td>\n<td style=\"padding:8px; border:1px solid #e5e7eb;\">3\u00d88, 2\u00d810, 2\u00d812, 1\u00d814, 1\u00d816<\/td>\n<\/tr>\n<tr>\n<td style=\"padding:8px; border:1px solid #e5e7eb;\"><strong>Average Power Consumption<\/strong><\/td>\n<td style=\"padding:8px; border:1px solid #e5e7eb;\">11.5 kW<\/td>\n<\/tr>\n<tr>\n<td style=\"padding:8px; border:1px solid #e5e7eb;\"><strong>Installed Power<\/strong><\/td>\n<td style=\"padding:8px; border:1px solid #e5e7eb;\">28 kW<\/td>\n<\/tr>\n<tr>\n<td style=\"padding:8px; border:1px solid #e5e7eb;\"><strong>Bar Feeding Speed<\/strong><\/td>\n<td style=\"padding:8px; border:1px solid #e5e7eb;\">90 m\/min<\/td>\n<\/tr>\n<tr>\n<td style=\"padding:8px; border:1px solid #e5e7eb;\"><strong>Bending Angle Speed<\/strong><\/td>\n<td style=\"padding:8px; border:1px solid #e5e7eb;\">1200\u00b0\/sec<\/td>\n<\/tr>\n<tr>\n<td style=\"padding:8px; border:1px solid #e5e7eb;\"><strong>Maximum Bending Angle<\/strong><\/td>\n<td style=\"padding:8px; border:1px solid #e5e7eb;\">180\u00b0<\/td>\n<\/tr>\n<tr>\n<td style=\"padding:8px; border:1px solid #e5e7eb;\"><strong>Number of Angles<\/strong><\/td>\n<td style=\"padding:8px; border:1px solid #e5e7eb;\">50<\/td>\n<\/tr>\n<tr>\n<td style=\"padding:8px; border:1px solid #e5e7eb;\"><strong>Number of Sides<\/strong><\/td>\n<td style=\"padding:8px; border:1px solid #e5e7eb;\">50<\/td>\n<\/tr>\n<tr>\n<td style=\"padding:8px; border:1px solid #e5e7eb;\"><strong>Angle Accuracy<\/strong><\/td>\n<td style=\"padding:8px; border:1px solid #e5e7eb;\">\u00b11\u00b0<\/td>\n<\/tr>\n<tr>\n<td style=\"padding:8px; border:1px solid #e5e7eb;\"><strong>Length Accuracy<\/strong><\/td>\n<td style=\"padding:8px; border:1px solid #e5e7eb;\">\u00b11 mm<\/td>\n<\/tr>\n<tr>\n<td style=\"padding:8px; border:1px solid #e5e7eb;\"><strong>Dimensions (L \u00d7 W \u00d7 H)<\/strong><\/td>\n<td style=\"padding:8px; border:1px solid #e5e7eb;\">4500 \u00d7 1500 \u00d7 2200 mm<\/td>\n<\/tr>\n<tr>\n<td style=\"padding:8px; border:1px solid #e5e7eb;\"><strong>Weight<\/strong><\/td>\n<td style=\"padding:8px; border:1px solid #e5e7eb;\">3000 kg<\/td>\n<\/tr>\n<\/tbody>\n<\/table>\n","protected":false},"excerpt":{"rendered":"<p>Description Series of machines for the automatic forming of straight rebars in various diameters. Equipped with high-precision feeding, bending and cutting systems, they allow bending on both ends of the bar with absolute symmetry and accuracy. The MULMA 16 STR is the compact version of the series for smaller diameters, offering high length and angle [&hellip;]<\/p>\n","protected":false},"featured_media":611,"template":"","meta":{"_seopress_robots_primary_cat":"none","_seopress_titles_title":"","_seopress_titles_desc":"","_seopress_robots_index":""},"product_brand":[],"product_cat":[551],"product_tag":[],"brand":[31],"class_list":{"0":"post-610","1":"product","2":"type-product","3":"status-publish","4":"has-post-thumbnail","6":"product_cat-multi-machines","7":"brand-galanos","9":"first","10":"instock","11":"shipping-taxable","12":"product-type-simple"},"_links":{"self":[{"href":"https:\/\/www.galanos.com.gr\/en\/wp-json\/wp\/v2\/product\/610","targetHints":{"allow":["GET"]}}],"collection":[{"href":"https:\/\/www.galanos.com.gr\/en\/wp-json\/wp\/v2\/product"}],"about":[{"href":"https:\/\/www.galanos.com.gr\/en\/wp-json\/wp\/v2\/types\/product"}],"wp:featuredmedia":[{"embeddable":true,"href":"https:\/\/www.galanos.com.gr\/en\/wp-json\/wp\/v2\/media\/611"}],"wp:attachment":[{"href":"https:\/\/www.galanos.com.gr\/en\/wp-json\/wp\/v2\/media?parent=610"}],"wp:term":[{"taxonomy":"product_brand","embeddable":true,"href":"https:\/\/www.galanos.com.gr\/en\/wp-json\/wp\/v2\/product_brand?post=610"},{"taxonomy":"product_cat","embeddable":true,"href":"https:\/\/www.galanos.com.gr\/en\/wp-json\/wp\/v2\/product_cat?post=610"},{"taxonomy":"product_tag","embeddable":true,"href":"https:\/\/www.galanos.com.gr\/en\/wp-json\/wp\/v2\/product_tag?post=610"},{"taxonomy":"brand","embeddable":true,"href":"https:\/\/www.galanos.com.gr\/en\/wp-json\/wp\/v2\/brand?post=610"}],"curies":[{"name":"wp","href":"https:\/\/api.w.org\/{rel}","templated":true}]}}