{"id":618,"date":"2024-05-17T11:43:45","date_gmt":"2024-05-17T11:43:45","guid":{"rendered":"https:\/\/cyclops.podaropoulos.eu\/?post_type=product&#038;p=618"},"modified":"2026-03-05T10:19:58","modified_gmt":"2026-03-05T08:19:58","slug":"mulma-sd16","status":"publish","type":"product","link":"https:\/\/www.galanos.com.gr\/en\/product\/mulma-sd16\/","title":{"rendered":"MULMA SD16"},"content":{"rendered":"<h3>Description<\/h3>\n<p>Series of advanced machines for the automatic forming of reinforcing steel directly from coil. With electric-servo feeding, electronic straightening and a dual-end bending system, they achieve bending on both ends of long bars, offering maximum flexibility and accuracy.<\/p>\n<p>The MULMA SD16 is the standard version of the coil-fed series, with processing capacity up to \u00d816 and high angle and length accuracy.<\/p>\n<h3>Technical Specifications<\/h3>\n<table style=\"width:100%; border-collapse:collapse; font-size:14px;\">\n<tbody>\n<tr>\n<th colspan=\"2\" style=\"text-align:left; padding:10px; background:#f3f5f7; border:1px solid #e5e7eb;\">MULMA SD16<\/th>\n<\/tr>\n<tr>\n<td style=\"width:38%; padding:8px; border:1px solid #e5e7eb;\"><strong>Type<\/strong><\/td>\n<td style=\"padding:8px; border:1px solid #e5e7eb;\">Multi-purpose machine from coil<\/td>\n<\/tr>\n<tr>\n<td style=\"padding:8px; border:1px solid #e5e7eb;\"><strong>Working Range (\u00d8)<\/strong><\/td>\n<td style=\"padding:8px; border:1px solid #e5e7eb;\">2\u00d88, 2\u00d810, 2\u00d812, 1\u00d814, 1\u00d816<\/td>\n<\/tr>\n<tr>\n<td style=\"padding:8px; border:1px solid #e5e7eb;\"><strong>Average Power Consumption<\/strong><\/td>\n<td style=\"padding:8px; border:1px solid #e5e7eb;\">17.2 kW<\/td>\n<\/tr>\n<tr>\n<td style=\"padding:8px; border:1px solid #e5e7eb;\"><strong>Installed Power<\/strong><\/td>\n<td style=\"padding:8px; border:1px solid #e5e7eb;\">42 kW<\/td>\n<\/tr>\n<tr>\n<td style=\"padding:8px; border:1px solid #e5e7eb;\"><strong>Bar Feeding Speed<\/strong><\/td>\n<td style=\"padding:8px; border:1px solid #e5e7eb;\">90 m\/min<\/td>\n<\/tr>\n<tr>\n<td style=\"padding:8px; border:1px solid #e5e7eb;\"><strong>Bending Angle Speed<\/strong><\/td>\n<td style=\"padding:8px; border:1px solid #e5e7eb;\">1200\u00b0\/sec<\/td>\n<\/tr>\n<tr>\n<td style=\"padding:8px; border:1px solid #e5e7eb;\"><strong>Maximum Bending Angle<\/strong><\/td>\n<td style=\"padding:8px; border:1px solid #e5e7eb;\">180\u00b0<\/td>\n<\/tr>\n<tr>\n<td style=\"padding:8px; border:1px solid #e5e7eb;\"><strong>Number of Angles<\/strong><\/td>\n<td style=\"padding:8px; border:1px solid #e5e7eb;\">50<\/td>\n<\/tr>\n<tr>\n<td style=\"padding:8px; border:1px solid #e5e7eb;\"><strong>Number of Sides<\/strong><\/td>\n<td style=\"padding:8px; border:1px solid #e5e7eb;\">50<\/td>\n<\/tr>\n<tr>\n<td style=\"padding:8px; border:1px solid #e5e7eb;\"><strong>Angle Accuracy<\/strong><\/td>\n<td style=\"padding:8px; border:1px solid #e5e7eb;\">\u00b11\u00b0<\/td>\n<\/tr>\n<tr>\n<td style=\"padding:8px; border:1px solid #e5e7eb;\"><strong>Length Accuracy<\/strong><\/td>\n<td style=\"padding:8px; border:1px solid #e5e7eb;\">\u00b11 mm<\/td>\n<\/tr>\n<tr>\n<td style=\"padding:8px; border:1px solid #e5e7eb;\"><strong>Dimensions (L \u00d7 W \u00d7 H)<\/strong><\/td>\n<td style=\"padding:8px; border:1px solid #e5e7eb;\">6100 \u00d7 1550 \u00d7 2300 mm<\/td>\n<\/tr>\n<tr>\n<td style=\"padding:8px; border:1px solid #e5e7eb;\"><strong>Weight<\/strong><\/td>\n<td style=\"padding:8px; border:1px solid #e5e7eb;\">5000 kg<\/td>\n<\/tr>\n<\/tbody>\n<\/table>\n","protected":false},"excerpt":{"rendered":"<p>Description Series of advanced machines for the automatic forming of reinforcing steel directly from coil. With electric-servo feeding, electronic straightening and a dual-end bending system, they achieve bending on both ends of long bars, offering maximum flexibility and accuracy. The MULMA SD16 is the standard version of the coil-fed series, with processing capacity up to [&hellip;]<\/p>\n","protected":false},"featured_media":3871,"template":"","meta":{"_seopress_robots_primary_cat":"none","_seopress_titles_title":"","_seopress_titles_desc":"","_seopress_robots_index":""},"product_brand":[],"product_cat":[551],"product_tag":[],"brand":[31],"class_list":{"0":"post-618","1":"product","2":"type-product","3":"status-publish","4":"has-post-thumbnail","6":"product_cat-multi-machines","7":"brand-galanos","9":"first","10":"instock","11":"shipping-taxable","12":"product-type-simple"},"_links":{"self":[{"href":"https:\/\/www.galanos.com.gr\/en\/wp-json\/wp\/v2\/product\/618","targetHints":{"allow":["GET"]}}],"collection":[{"href":"https:\/\/www.galanos.com.gr\/en\/wp-json\/wp\/v2\/product"}],"about":[{"href":"https:\/\/www.galanos.com.gr\/en\/wp-json\/wp\/v2\/types\/product"}],"wp:featuredmedia":[{"embeddable":true,"href":"https:\/\/www.galanos.com.gr\/en\/wp-json\/wp\/v2\/media\/3871"}],"wp:attachment":[{"href":"https:\/\/www.galanos.com.gr\/en\/wp-json\/wp\/v2\/media?parent=618"}],"wp:term":[{"taxonomy":"product_brand","embeddable":true,"href":"https:\/\/www.galanos.com.gr\/en\/wp-json\/wp\/v2\/product_brand?post=618"},{"taxonomy":"product_cat","embeddable":true,"href":"https:\/\/www.galanos.com.gr\/en\/wp-json\/wp\/v2\/product_cat?post=618"},{"taxonomy":"product_tag","embeddable":true,"href":"https:\/\/www.galanos.com.gr\/en\/wp-json\/wp\/v2\/product_tag?post=618"},{"taxonomy":"brand","embeddable":true,"href":"https:\/\/www.galanos.com.gr\/en\/wp-json\/wp\/v2\/brand?post=618"}],"curies":[{"name":"wp","href":"https:\/\/api.w.org\/{rel}","templated":true}]}}