{"id":690,"date":"2024-05-20T08:12:43","date_gmt":"2024-05-20T08:12:43","guid":{"rendered":"https:\/\/cyclops.podaropoulos.eu\/?post_type=product&#038;p=690"},"modified":"2026-03-04T08:49:03","modified_gmt":"2026-03-04T06:49:03","slug":"vr-32-5","status":"publish","type":"product","link":"https:\/\/www.galanos.com.gr\/en\/product\/vr-32-5\/","title":{"rendered":"VR-32\/5"},"content":{"rendered":"<h3>Description<\/h3>\n<p>Cutting plant for the automatic cutting of straight reinforcing steel bars, with discrete storage capability for the cut bars. It is a reliable solution for reinforcing steel processing plants that require length accuracy, high productivity and organized production handling.<\/p>\n<p>The VRS32\/5 combines cutting capacity up to \u00d832 with 5 storage corridors, allowing better organization of different cut-bar batches.<\/p>\n<h3>Technical Data<\/h3>\n<table style=\"width:100%; border-collapse:collapse; font-size:14px;\">\n<tbody>\n<tr>\n<th colspan=\"2\" style=\"text-align:left; padding:10px; background:#f3f5f7; border:1px solid #e5e7eb;\">VRS32\/5<\/th>\n<\/tr>\n<tr>\n<td style=\"width:40%; padding:8px; border:1px solid #e5e7eb;\"><strong>Type<\/strong><\/td>\n<td style=\"padding:8px; border:1px solid #e5e7eb;\">Cutting Plant<\/td>\n<\/tr>\n<tr>\n<td style=\"padding:8px; border:1px solid #e5e7eb;\"><strong>Pieces to be Fed<\/strong><\/td>\n<td style=\"padding:8px; border:1px solid #e5e7eb;\">6 \u00d88, 5 \u00d810, 4 \u00d812, 4 \u00d814, 3 \u00d816, 2 \u00d818, 2 \u00d820, 2 \u00d822, 1 \u00d825, 1 \u00d828, 1 \u00d832<\/td>\n<\/tr>\n<tr>\n<td style=\"padding:8px; border:1px solid #e5e7eb;\"><strong>Iron Propulsion Speed<\/strong><\/td>\n<td style=\"padding:8px; border:1px solid #e5e7eb;\">80 m\/min<\/td>\n<\/tr>\n<tr>\n<td style=\"padding:8px; border:1px solid #e5e7eb;\"><strong>Measurement Accuracy<\/strong><\/td>\n<td style=\"padding:8px; border:1px solid #e5e7eb;\">1<\/td>\n<\/tr>\n<tr>\n<td style=\"padding:8px; border:1px solid #e5e7eb;\"><strong>Storage Corridors<\/strong><\/td>\n<td style=\"padding:8px; border:1px solid #e5e7eb;\">5*<\/td>\n<\/tr>\n<tr>\n<td style=\"padding:8px; border:1px solid #e5e7eb;\"><strong>Total Power<\/strong><\/td>\n<td style=\"padding:8px; border:1px solid #e5e7eb;\">18.75 kW<\/td>\n<\/tr>\n<tr>\n<td style=\"padding:8px; border:1px solid #e5e7eb;\"><strong>Weight a: Machine Main Body<\/strong><\/td>\n<td style=\"padding:8px; border:1px solid #e5e7eb;\">5500 kg<\/td>\n<\/tr>\n<tr>\n<td style=\"padding:8px; border:1px solid #e5e7eb;\"><strong>Weight b: Bench<\/strong><\/td>\n<td style=\"padding:8px; border:1px solid #e5e7eb;\">1800 kg<\/td>\n<\/tr>\n<tr>\n<td style=\"padding:8px; border:1px solid #e5e7eb;\"><strong>Dimensions (L-W) Machine Main Body<\/strong><\/td>\n<td style=\"padding:8px; border:1px solid #e5e7eb;\">13.5 \u00d7 2 m<\/td>\n<\/tr>\n<tr>\n<td style=\"padding:8px; border:1px solid #e5e7eb;\"><strong>Total Working Area Including Bench<\/strong><\/td>\n<td style=\"padding:8px; border:1px solid #e5e7eb;\">27.5 \u00d7 8 m<\/td>\n<\/tr>\n<tr>\n<td style=\"padding:8px; border:1px solid #e5e7eb;\"><strong>Total Working Area Including Bench &amp; Relieving Bench<\/strong><\/td>\n<td style=\"padding:8px; border:1px solid #e5e7eb;\">38 \u00d7 8 m<\/td>\n<\/tr>\n<\/tbody>\n<\/table>\n<p style=\"font-size:12px; color:#666;\">* Where (*) the ways are provided with rolls.<\/p>\n","protected":false},"excerpt":{"rendered":"<p>Description Cutting plant for the automatic cutting of straight reinforcing steel bars, with discrete storage capability for the cut bars. It is a reliable solution for reinforcing steel processing plants that require length accuracy, high productivity and organized production handling. The VRS32\/5 combines cutting capacity up to \u00d832 with 5 storage corridors, allowing better organization [&hellip;]<\/p>\n","protected":false},"featured_media":691,"template":"","meta":{"_seopress_robots_primary_cat":"none","_seopress_titles_title":"","_seopress_titles_desc":"","_seopress_robots_index":""},"product_brand":[],"product_cat":[550],"product_tag":[],"brand":[31],"class_list":{"0":"post-690","1":"product","2":"type-product","3":"status-publish","4":"has-post-thumbnail","6":"product_cat-rebar-cutting-plants","7":"brand-galanos","9":"first","10":"instock","11":"shipping-taxable","12":"product-type-simple"},"_links":{"self":[{"href":"https:\/\/www.galanos.com.gr\/en\/wp-json\/wp\/v2\/product\/690","targetHints":{"allow":["GET"]}}],"collection":[{"href":"https:\/\/www.galanos.com.gr\/en\/wp-json\/wp\/v2\/product"}],"about":[{"href":"https:\/\/www.galanos.com.gr\/en\/wp-json\/wp\/v2\/types\/product"}],"wp:featuredmedia":[{"embeddable":true,"href":"https:\/\/www.galanos.com.gr\/en\/wp-json\/wp\/v2\/media\/691"}],"wp:attachment":[{"href":"https:\/\/www.galanos.com.gr\/en\/wp-json\/wp\/v2\/media?parent=690"}],"wp:term":[{"taxonomy":"product_brand","embeddable":true,"href":"https:\/\/www.galanos.com.gr\/en\/wp-json\/wp\/v2\/product_brand?post=690"},{"taxonomy":"product_cat","embeddable":true,"href":"https:\/\/www.galanos.com.gr\/en\/wp-json\/wp\/v2\/product_cat?post=690"},{"taxonomy":"product_tag","embeddable":true,"href":"https:\/\/www.galanos.com.gr\/en\/wp-json\/wp\/v2\/product_tag?post=690"},{"taxonomy":"brand","embeddable":true,"href":"https:\/\/www.galanos.com.gr\/en\/wp-json\/wp\/v2\/brand?post=690"}],"curies":[{"name":"wp","href":"https:\/\/api.w.org\/{rel}","templated":true}]}}